{"id":3697,"date":"2025-03-20T21:26:30","date_gmt":"2025-03-20T21:26:30","guid":{"rendered":"https:\/\/akordaj.ro\/?page_id=3697"},"modified":"2025-03-20T21:28:01","modified_gmt":"2025-03-20T21:28:01","slug":"munka-hozzaadasa","status":"publish","type":"page","link":"https:\/\/akordaj.ro\/hu\/munka-hozzaadasa\/","title":{"rendered":"Munka hozz\u00e1ad\u00e1sa"},"content":{"rendered":"","protected":true},"excerpt":{"rendered":"","protected":true},"author":1,"featured_media":0,"parent":0,"menu_order":0,"comment_status":"closed","ping_status":"closed","template":"template-upload-job.php","meta":{"_acf_changed":false,"footnotes":""},"class_list":["post-3697","page","type-page","status-publish","post-password-required","hentry"],"acf":[],"yoast_head":"<!-- This site is optimized with the Yoast SEO plugin v26.6 - https:\/\/yoast.com\/wordpress\/plugins\/seo\/ -->\n<title>Munka hozz\u00e1ad\u00e1sa - Akordaj<\/title>\n<meta name=\"robots\" content=\"index, follow, max-snippet:-1, max-image-preview:large, max-video-preview:-1\" \/>\n<link rel=\"canonical\" href=\"https:\/\/akordaj.ro\/hu\/munka-hozzaadasa\/\" \/>\n<meta property=\"og:locale\" content=\"hu_HU\" \/>\n<meta property=\"og:type\" content=\"article\" \/>\n<meta property=\"og:title\" content=\"Munka hozz\u00e1ad\u00e1sa - Akordaj\" \/>\n<meta property=\"og:description\" content=\"Nincs kivonat, mert ez egy v\u00e9dett tartalm\u00fa bejegyz\u00e9s.\" \/>\n<meta property=\"og:url\" content=\"https:\/\/akordaj.ro\/hu\/munka-hozzaadasa\/\" \/>\n<meta property=\"og:site_name\" content=\"Akordaj\" \/>\n<meta property=\"article:modified_time\" content=\"2025-03-20T21:28:01+00:00\" \/>\n<meta name=\"twitter:card\" content=\"summary_large_image\" \/>\n<script type=\"application\/ld+json\" class=\"yoast-schema-graph\">{\"@context\":\"https:\/\/schema.org\",\"@graph\":[{\"@type\":\"WebPage\",\"@id\":\"https:\/\/akordaj.ro\/hu\/munka-hozzaadasa\/\",\"url\":\"https:\/\/akordaj.ro\/hu\/munka-hozzaadasa\/\",\"name\":\"Munka hozz\u00e1ad\u00e1sa - Akordaj\",\"isPartOf\":{\"@id\":\"http:\/\/akordaj.ro\/hu\/#website\"},\"datePublished\":\"2025-03-20T21:26:30+00:00\",\"dateModified\":\"2025-03-20T21:28:01+00:00\",\"breadcrumb\":{\"@id\":\"https:\/\/akordaj.ro\/hu\/munka-hozzaadasa\/#breadcrumb\"},\"inLanguage\":\"hu\"},{\"@type\":\"WebSite\",\"@id\":\"http:\/\/akordaj.ro\/hu\/#website\",\"url\":\"http:\/\/akordaj.ro\/hu\/\",\"name\":\"Akordaj\",\"description\":\"\",\"potentialAction\":[{\"@type\":\"SearchAction\",\"target\":{\"@type\":\"EntryPoint\",\"urlTemplate\":\"http:\/\/akordaj.ro\/hu\/?s={search_term_string}\"},\"query-input\":{\"@type\":\"PropertyValueSpecification\",\"valueRequired\":true,\"valueName\":\"search_term_string\"}}],\"inLanguage\":\"hu\"}]}<\/script>\n<!-- \/ Yoast SEO plugin. -->","yoast_head_json":{"title":"Munka hozz\u00e1ad\u00e1sa - Akordaj","robots":{"index":"index","follow":"follow","max-snippet":"max-snippet:-1","max-image-preview":"max-image-preview:large","max-video-preview":"max-video-preview:-1"},"canonical":"https:\/\/akordaj.ro\/hu\/munka-hozzaadasa\/","og_locale":"hu_HU","og_type":"article","og_title":"Munka hozz\u00e1ad\u00e1sa - Akordaj","og_description":"Nincs kivonat, mert ez egy v\u00e9dett tartalm\u00fa bejegyz\u00e9s.","og_url":"https:\/\/akordaj.ro\/hu\/munka-hozzaadasa\/","og_site_name":"Akordaj","article_modified_time":"2025-03-20T21:28:01+00:00","twitter_card":"summary_large_image","schema":{"@context":"https:\/\/schema.org","@graph":[{"@type":"WebPage","@id":"https:\/\/akordaj.ro\/hu\/munka-hozzaadasa\/","url":"https:\/\/akordaj.ro\/hu\/munka-hozzaadasa\/","name":"Munka hozz\u00e1ad\u00e1sa - Akordaj","isPartOf":{"@id":"http:\/\/akordaj.ro\/hu\/#website"},"datePublished":"2025-03-20T21:26:30+00:00","dateModified":"2025-03-20T21:28:01+00:00","breadcrumb":{"@id":"https:\/\/akordaj.ro\/hu\/munka-hozzaadasa\/#breadcrumb"},"inLanguage":"hu"},{"@type":"WebSite","@id":"http:\/\/akordaj.ro\/hu\/#website","url":"http:\/\/akordaj.ro\/hu\/","name":"Akordaj","description":"","potentialAction":[{"@type":"SearchAction","target":{"@type":"EntryPoint","urlTemplate":"http:\/\/akordaj.ro\/hu\/?s={search_term_string}"},"query-input":{"@type":"PropertyValueSpecification","valueRequired":true,"valueName":"search_term_string"}}],"inLanguage":"hu"}]}},"_links":{"self":[{"href":"https:\/\/akordaj.ro\/hu\/wp-json\/wp\/v2\/pages\/3697","targetHints":{"allow":["GET"]}}],"collection":[{"href":"https:\/\/akordaj.ro\/hu\/wp-json\/wp\/v2\/pages"}],"about":[{"href":"https:\/\/akordaj.ro\/hu\/wp-json\/wp\/v2\/types\/page"}],"author":[{"embeddable":true,"href":"https:\/\/akordaj.ro\/hu\/wp-json\/wp\/v2\/users\/1"}],"replies":[{"embeddable":true,"href":"https:\/\/akordaj.ro\/hu\/wp-json\/wp\/v2\/comments?post=3697"}],"version-history":[{"count":1,"href":"https:\/\/akordaj.ro\/hu\/wp-json\/wp\/v2\/pages\/3697\/revisions"}],"predecessor-version":[{"id":3698,"href":"https:\/\/akordaj.ro\/hu\/wp-json\/wp\/v2\/pages\/3697\/revisions\/3698"}],"wp:attachment":[{"href":"https:\/\/akordaj.ro\/hu\/wp-json\/wp\/v2\/media?parent=3697"}],"curies":[{"name":"wp","href":"https:\/\/api.w.org\/{rel}","templated":true}]}}