{"id":3314,"date":"2024-11-19T14:55:43","date_gmt":"2024-11-19T14:55:43","guid":{"rendered":"https:\/\/akordaj.ro\/termeni-si-conditii\/"},"modified":"2025-03-05T15:07:15","modified_gmt":"2025-03-05T15:07:15","slug":"termeni-si-conditii","status":"publish","type":"page","link":"http:\/\/akordaj.ro\/hu\/termeni-si-conditii\/","title":{"rendered":"Felt\u00e9telek \u00e9s felt\u00e9telek"},"content":{"rendered":"","protected":false},"excerpt":{"rendered":"","protected":false},"author":2,"featured_media":0,"parent":0,"menu_order":0,"comment_status":"closed","ping_status":"closed","template":"","meta":{"_acf_changed":false,"footnotes":""},"class_list":["post-3314","page","type-page","status-publish","hentry"],"acf":[],"yoast_head":"<!-- This site is optimized with the Yoast SEO plugin v26.6 - https:\/\/yoast.com\/wordpress\/plugins\/seo\/ -->\n<title>Felt\u00e9telek \u00e9s felt\u00e9telek - Akordaj<\/title>\n<meta name=\"robots\" content=\"index, follow, max-snippet:-1, max-image-preview:large, max-video-preview:-1\" \/>\n<link rel=\"canonical\" href=\"http:\/\/akordaj.ro\/hu\/termeni-si-conditii\/\" \/>\n<meta property=\"og:locale\" content=\"hu_HU\" \/>\n<meta property=\"og:type\" content=\"article\" \/>\n<meta property=\"og:title\" content=\"Felt\u00e9telek \u00e9s felt\u00e9telek - Akordaj\" \/>\n<meta property=\"og:url\" content=\"http:\/\/akordaj.ro\/hu\/termeni-si-conditii\/\" \/>\n<meta property=\"og:site_name\" content=\"Akordaj\" \/>\n<meta property=\"article:modified_time\" content=\"2025-03-05T15:07:15+00:00\" \/>\n<meta name=\"twitter:card\" content=\"summary_large_image\" \/>\n<script type=\"application\/ld+json\" class=\"yoast-schema-graph\">{\"@context\":\"https:\/\/schema.org\",\"@graph\":[{\"@type\":\"WebPage\",\"@id\":\"http:\/\/akordaj.ro\/hu\/termeni-si-conditii\/\",\"url\":\"http:\/\/akordaj.ro\/hu\/termeni-si-conditii\/\",\"name\":\"Felt\u00e9telek \u00e9s felt\u00e9telek - Akordaj\",\"isPartOf\":{\"@id\":\"http:\/\/akordaj.ro\/hu\/#website\"},\"datePublished\":\"2024-11-19T14:55:43+00:00\",\"dateModified\":\"2025-03-05T15:07:15+00:00\",\"breadcrumb\":{\"@id\":\"http:\/\/akordaj.ro\/hu\/termeni-si-conditii\/#breadcrumb\"},\"inLanguage\":\"hu\",\"potentialAction\":[{\"@type\":\"ReadAction\",\"target\":[\"http:\/\/akordaj.ro\/hu\/termeni-si-conditii\/\"]}]},{\"@type\":\"BreadcrumbList\",\"@id\":\"http:\/\/akordaj.ro\/hu\/termeni-si-conditii\/#breadcrumb\",\"itemListElement\":[{\"@type\":\"ListItem\",\"position\":1,\"name\":\"Home\",\"item\":\"http:\/\/akordaj.ro\/hu\/\"},{\"@type\":\"ListItem\",\"position\":2,\"name\":\"Felt\u00e9telek \u00e9s felt\u00e9telek\"}]},{\"@type\":\"WebSite\",\"@id\":\"http:\/\/akordaj.ro\/hu\/#website\",\"url\":\"http:\/\/akordaj.ro\/hu\/\",\"name\":\"Akordaj\",\"description\":\"\",\"potentialAction\":[{\"@type\":\"SearchAction\",\"target\":{\"@type\":\"EntryPoint\",\"urlTemplate\":\"http:\/\/akordaj.ro\/hu\/?s={search_term_string}\"},\"query-input\":{\"@type\":\"PropertyValueSpecification\",\"valueRequired\":true,\"valueName\":\"search_term_string\"}}],\"inLanguage\":\"hu\"}]}<\/script>\n<!-- \/ Yoast SEO plugin. -->","yoast_head_json":{"title":"Felt\u00e9telek \u00e9s felt\u00e9telek - Akordaj","robots":{"index":"index","follow":"follow","max-snippet":"max-snippet:-1","max-image-preview":"max-image-preview:large","max-video-preview":"max-video-preview:-1"},"canonical":"http:\/\/akordaj.ro\/hu\/termeni-si-conditii\/","og_locale":"hu_HU","og_type":"article","og_title":"Felt\u00e9telek \u00e9s felt\u00e9telek - Akordaj","og_url":"http:\/\/akordaj.ro\/hu\/termeni-si-conditii\/","og_site_name":"Akordaj","article_modified_time":"2025-03-05T15:07:15+00:00","twitter_card":"summary_large_image","schema":{"@context":"https:\/\/schema.org","@graph":[{"@type":"WebPage","@id":"http:\/\/akordaj.ro\/hu\/termeni-si-conditii\/","url":"http:\/\/akordaj.ro\/hu\/termeni-si-conditii\/","name":"Felt\u00e9telek \u00e9s felt\u00e9telek - Akordaj","isPartOf":{"@id":"http:\/\/akordaj.ro\/hu\/#website"},"datePublished":"2024-11-19T14:55:43+00:00","dateModified":"2025-03-05T15:07:15+00:00","breadcrumb":{"@id":"http:\/\/akordaj.ro\/hu\/termeni-si-conditii\/#breadcrumb"},"inLanguage":"hu","potentialAction":[{"@type":"ReadAction","target":["http:\/\/akordaj.ro\/hu\/termeni-si-conditii\/"]}]},{"@type":"BreadcrumbList","@id":"http:\/\/akordaj.ro\/hu\/termeni-si-conditii\/#breadcrumb","itemListElement":[{"@type":"ListItem","position":1,"name":"Home","item":"http:\/\/akordaj.ro\/hu\/"},{"@type":"ListItem","position":2,"name":"Felt\u00e9telek \u00e9s felt\u00e9telek"}]},{"@type":"WebSite","@id":"http:\/\/akordaj.ro\/hu\/#website","url":"http:\/\/akordaj.ro\/hu\/","name":"Akordaj","description":"","potentialAction":[{"@type":"SearchAction","target":{"@type":"EntryPoint","urlTemplate":"http:\/\/akordaj.ro\/hu\/?s={search_term_string}"},"query-input":{"@type":"PropertyValueSpecification","valueRequired":true,"valueName":"search_term_string"}}],"inLanguage":"hu"}]}},"_links":{"self":[{"href":"http:\/\/akordaj.ro\/hu\/wp-json\/wp\/v2\/pages\/3314","targetHints":{"allow":["GET"]}}],"collection":[{"href":"http:\/\/akordaj.ro\/hu\/wp-json\/wp\/v2\/pages"}],"about":[{"href":"http:\/\/akordaj.ro\/hu\/wp-json\/wp\/v2\/types\/page"}],"author":[{"embeddable":true,"href":"http:\/\/akordaj.ro\/hu\/wp-json\/wp\/v2\/users\/2"}],"replies":[{"embeddable":true,"href":"http:\/\/akordaj.ro\/hu\/wp-json\/wp\/v2\/comments?post=3314"}],"version-history":[{"count":3,"href":"http:\/\/akordaj.ro\/hu\/wp-json\/wp\/v2\/pages\/3314\/revisions"}],"predecessor-version":[{"id":3578,"href":"http:\/\/akordaj.ro\/hu\/wp-json\/wp\/v2\/pages\/3314\/revisions\/3578"}],"wp:attachment":[{"href":"http:\/\/akordaj.ro\/hu\/wp-json\/wp\/v2\/media?parent=3314"}],"curies":[{"name":"wp","href":"https:\/\/api.w.org\/{rel}","templated":true}]}}